{"id":30,"date":"2016-10-25T00:00:11","date_gmt":"2016-10-24T22:00:11","guid":{"rendered":"http:\/\/kionopi.com\/?page_id=30"},"modified":"2024-11-27T09:29:09","modified_gmt":"2024-11-27T08:29:09","slug":"contact","status":"publish","type":"page","link":"https:\/\/kionopi.com\/index.php\/contact\/","title":{"rendered":"Contact"},"content":{"rendered":"<h3><\/h3>\n<h3 style=\"text-align: center;\">CONTACT<\/h3>\n<p style=\"text-align: center;\">____________<\/p>\n<p style=\"text-align: center;\">Venez discuter&#8230; Je suis \u00e0 votre \u00e9coute !<\/p>\n<p style=\"text-align: center;\">Herv\u00e9 LEJEUNE<\/p>\n<hr>\n<h4 style=\"text-align: center;\">170 rue Pasteur 33200 Bordeaux<\/h4>\n<hr>\n<h4 style=\"text-align: center;\">+33 (0)9 50 70 79 66<\/h4>\n<hr>\n<h4 style=\"text-align: center;\"><strong>+33 (0)6 83 18 31 85<\/strong><\/h4>\n<p style=\"text-align: center;\">hlejeune@kionopi.fr<\/p>\n<p style=\"text-align: left;\"><strong>Informations l\u00e9gales&nbsp;<\/strong>: N\u00b0 Siret : 494 393 747 00022 \u2022&nbsp;Code APE : 1813 Z \u2022&nbsp;TVA Intra: FR37494393747<\/p>\n","protected":false},"excerpt":{"rendered":"<p>CONTACT ____________ Venez discuter&#8230; Je suis \u00e0 votre \u00e9coute ! Herv\u00e9 LEJEUNE 170 rue Pasteur 33200 Bordeaux +33 (0)9 50 70 79 66 +33 (0)6 83 18 31 85 hlejeune@kionopi.fr Informations l\u00e9gales&nbsp;: N\u00b0 Siret : 494 393 747 00022 \u2022&nbsp;Code APE : 1813 Z \u2022&nbsp;TVA Intra: FR37494393747<\/p>\n","protected":false},"author":2,"featured_media":0,"parent":0,"menu_order":5,"comment_status":"closed","ping_status":"closed","template":"","meta":{"spay_email":""},"jetpack_shortlink":"https:\/\/wp.me\/P969Ln-u","jetpack-related-posts":[],"_links":{"self":[{"href":"https:\/\/kionopi.com\/index.php\/wp-json\/wp\/v2\/pages\/30"}],"collection":[{"href":"https:\/\/kionopi.com\/index.php\/wp-json\/wp\/v2\/pages"}],"about":[{"href":"https:\/\/kionopi.com\/index.php\/wp-json\/wp\/v2\/types\/page"}],"author":[{"embeddable":true,"href":"https:\/\/kionopi.com\/index.php\/wp-json\/wp\/v2\/users\/2"}],"replies":[{"embeddable":true,"href":"https:\/\/kionopi.com\/index.php\/wp-json\/wp\/v2\/comments?post=30"}],"version-history":[{"count":141,"href":"https:\/\/kionopi.com\/index.php\/wp-json\/wp\/v2\/pages\/30\/revisions"}],"predecessor-version":[{"id":1016,"href":"https:\/\/kionopi.com\/index.php\/wp-json\/wp\/v2\/pages\/30\/revisions\/1016"}],"wp:attachment":[{"href":"https:\/\/kionopi.com\/index.php\/wp-json\/wp\/v2\/media?parent=30"}],"curies":[{"name":"wp","href":"https:\/\/api.w.org\/{rel}","templated":true}]}}